
{"id":33,"date":"2021-04-27T15:34:31","date_gmt":"2021-04-27T15:34:31","guid":{"rendered":"https:\/\/relaunch.invictus-lead-generation.com\/?page_id=33"},"modified":"2025-02-13T10:04:38","modified_gmt":"2025-02-13T09:04:38","slug":"impressum","status":"publish","type":"page","link":"https:\/\/www.invictus-lead-generation.de\/en\/impressum\/","title":{"rendered":"Imprint"},"content":{"rendered":"<div data-elementor-type=\"wp-page\" data-elementor-id=\"33\" class=\"elementor elementor-33\" data-elementor-post-type=\"page\">\n\t\t\t\t\t\t<section class=\"elementor-section elementor-top-section elementor-element elementor-element-0aa8df2 elementor-section-boxed elementor-section-height-default elementor-section-height-default\" data-id=\"0aa8df2\" data-element_type=\"section\" data-e-type=\"section\" data-settings=\"{&quot;jet_parallax_layout_list&quot;:[]}\">\n\t\t\t\t\t\t<div class=\"elementor-container elementor-column-gap-default\">\n\t\t\t\t\t<div class=\"elementor-column elementor-col-100 elementor-top-column elementor-element elementor-element-6e204af\" data-id=\"6e204af\" data-element_type=\"column\" data-e-type=\"column\">\n\t\t\t<div class=\"elementor-widget-wrap elementor-element-populated\">\n\t\t\t\t\t\t<div class=\"elementor-element elementor-element-dc67742 elementor-widget elementor-widget-heading\" data-id=\"dc67742\" data-element_type=\"widget\" data-e-type=\"widget\" data-widget_type=\"heading.default\">\n\t\t\t\t<div class=\"elementor-widget-container\">\n\t\t\t\t\t<h2 class=\"elementor-heading-title elementor-size-default\">Imprint<\/h2>\t\t\t\t<\/div>\n\t\t\t\t<\/div>\n\t\t\t\t<div class=\"elementor-element elementor-element-67f8a31 elementor-widget elementor-widget-text-editor\" data-id=\"67f8a31\" data-element_type=\"widget\" data-e-type=\"widget\" data-widget_type=\"text-editor.default\">\n\t\t\t\t<div class=\"elementor-widget-container\">\n\t\t\t\t\t\t\t\t\t<p><strong>Invictus Lead Generation Ltd<\/strong><br \/>Franz-Ehrlich-Stra\u00dfe 12<br \/>12489 Berlin<br \/>Germany<\/p><p><a href=\"mailto:info@invictus-lead-generation.de\">info@invictus-lead-generation.de<\/a><\/p><p>Tax number: <span class=\"ui-provider a b c d e f g h i j k l m n o p q r s t u v w x y z ab ac ae af ag ah ai aj ak\" dir=\"ltr\">37\/359\/53095<\/span> - FA for corporations I<br \/>VAT ID No. DE354710732<br \/><span class=\"ui-provider a b c d e f g h i j k l m n o p q r s t u v w x y z ab ac ae af ag ah ai aj ak\" dir=\"ltr\">EORI No. DE258210668741050<\/span><\/p><p>Managing Directors: Stefan Roggatz &amp; Katy Roggatz<\/p><p><strong>Copyright<\/strong><br \/>All images are protected by copyright. The copyright lies with Invictus Lead Generation GmbH. Any private, commercial or industrial use requires the express written authorisation of Invictus Lead Generation GmbH.<\/p><p><strong>Disclaimer<\/strong><br \/>All data and information provided by Invictus Lead Generation GmbH on its various websites has been compiled by Invictus Lead Generation GmbH to the best of its knowledge and belief. Invictus Lead Generation GmbH cannot assume any liability for the correctness, completeness and topicality of the information. The information provided does not constitute individual advice and cannot replace such advice.<\/p><p>The same applies to all other Internet pages to which reference is made by means of hyperlinks. Invictus Lead Generation GmbH is not responsible for the content of websites accessed via such links.<\/p><p><strong>Picture credits<\/strong><\/p><p>Images from various sources are used on this website:<\/p><p>Pixabay: Some of the images used on this website are from Pixabay. These images are published under the Pixabay License, which allows free use without attribution.<\/p><p>Further information at:https:\/\/pixabay.com\/de\/service\/license-summary\/Freepik: Some images were obtained from Freepik. These images are licensed and may be used in accordance with the licence terms. Further information can be found at:https:\/\/www.freepik.com\/license.<\/p><p>https:\/\/de.freepik.com\/fotos-kostenlos\/portraet-junger-frauen-im-modestil-der-2000er-jahre-die-mit-kaugummi-posieren_27590144.htm#fromView=search&page=2&position=8&uuid=7e84fddf-00b0-4ba5-9c06-5c0e03dcf0df<\/p>\t\t\t\t\t\t\t\t<\/div>\n\t\t\t\t<\/div>\n\t\t\t\t\t<\/div>\n\t\t<\/div>\n\t\t\t\t\t<\/div>\n\t\t<\/section>\n\t\t\t\t<\/div>","protected":false},"excerpt":{"rendered":"<p>Impressum Invictus Lead Generation GmbHFranz-Ehrlich-Stra\u00dfe 1212489 BerlinDeutschland info@invictus-lead-generation.de Steuernummer: 37\/359\/53095 &#8211; FA f\u00fcr K\u00f6rperschaften IUst.Id.Nr. DE354710732EORI-Nr. DE258210668741050 Gesch\u00e4ftsf\u00fchrer: Stefan Roggatz &amp; Katy Roggatz CopyrightS\u00e4mtliche Bilder sind urheberrechtlich gesch\u00fctzt. Das Urheberrecht und Copyright liegt bei der Invictus Lead Generation GmbH. Jede private, gewerbliche oder kommerzielle Nutzung bedarf der ausdr\u00fccklichen schriftlichen Genehmigung durch die Invictus Lead Generation [&hellip;]<\/p>\n","protected":false},"author":1,"featured_media":0,"parent":0,"menu_order":0,"comment_status":"closed","ping_status":"closed","template":"elementor_header_footer","meta":{"footnotes":""},"class_list":["post-33","page","type-page","status-publish","hentry"],"yoast_head":"<!-- This site is optimized with the Yoast SEO plugin v27.4 - https:\/\/yoast.com\/product\/yoast-seo-wordpress\/ -->\n<title>Impressum - Invictus Lead Generation GmbH<\/title>\n<meta name=\"robots\" content=\"noindex, follow\" \/>\n<meta property=\"og:locale\" content=\"en_GB\" \/>\n<meta property=\"og:type\" content=\"article\" \/>\n<meta property=\"og:title\" content=\"Impressum - Invictus Lead Generation GmbH\" \/>\n<meta property=\"og:description\" content=\"Impressum Invictus Lead Generation GmbHFranz-Ehrlich-Stra\u00dfe 1212489 BerlinDeutschland info@invictus-lead-generation.de Steuernummer: 37\/359\/53095 &#8211; FA f\u00fcr K\u00f6rperschaften IUst.Id.Nr. DE354710732EORI-Nr. DE258210668741050 Gesch\u00e4ftsf\u00fchrer: Stefan Roggatz &amp; Katy Roggatz CopyrightS\u00e4mtliche Bilder sind urheberrechtlich gesch\u00fctzt. Das Urheberrecht und Copyright liegt bei der Invictus Lead Generation GmbH. Jede private, gewerbliche oder kommerzielle Nutzung bedarf der ausdr\u00fccklichen schriftlichen Genehmigung durch die Invictus Lead Generation [&hellip;]\" \/>\n<meta property=\"og:url\" content=\"https:\/\/www.invictus-lead-generation.de\/en\/impressum\/\" \/>\n<meta property=\"og:site_name\" content=\"Invictus Lead Generation GmbH\" \/>\n<meta property=\"article:modified_time\" content=\"2025-02-13T09:04:38+00:00\" \/>\n<meta name=\"twitter:card\" content=\"summary_large_image\" \/>\n<meta name=\"twitter:label1\" content=\"Estimated reading time\" \/>\n\t<meta name=\"twitter:data1\" content=\"2 minutes\" \/>\n<script type=\"application\/ld+json\" class=\"yoast-schema-graph\">{\"@context\":\"https:\\\/\\\/schema.org\",\"@graph\":[{\"@type\":\"WebPage\",\"@id\":\"https:\\\/\\\/www.invictus-lead-generation.de\\\/impressum\\\/\",\"url\":\"https:\\\/\\\/www.invictus-lead-generation.de\\\/impressum\\\/\",\"name\":\"Impressum - Invictus Lead Generation GmbH\",\"isPartOf\":{\"@id\":\"https:\\\/\\\/www.invictus-lead-generation.de\\\/#website\"},\"datePublished\":\"2021-04-27T15:34:31+00:00\",\"dateModified\":\"2025-02-13T09:04:38+00:00\",\"breadcrumb\":{\"@id\":\"https:\\\/\\\/www.invictus-lead-generation.de\\\/impressum\\\/#breadcrumb\"},\"inLanguage\":\"en-GB\",\"potentialAction\":[{\"@type\":\"ReadAction\",\"target\":[\"https:\\\/\\\/www.invictus-lead-generation.de\\\/impressum\\\/\"]}]},{\"@type\":\"BreadcrumbList\",\"@id\":\"https:\\\/\\\/www.invictus-lead-generation.de\\\/impressum\\\/#breadcrumb\",\"itemListElement\":[{\"@type\":\"ListItem\",\"position\":1,\"name\":\"Startseite\",\"item\":\"https:\\\/\\\/www.invictus-lead-generation.de\\\/\"},{\"@type\":\"ListItem\",\"position\":2,\"name\":\"Impressum\"}]},{\"@type\":\"WebSite\",\"@id\":\"https:\\\/\\\/www.invictus-lead-generation.de\\\/#website\",\"url\":\"https:\\\/\\\/www.invictus-lead-generation.de\\\/\",\"name\":\"Invictus Lead Generation GmbH\",\"description\":\"Agentur f\u00fcr B2B Lead Generation\",\"publisher\":{\"@id\":\"https:\\\/\\\/www.invictus-lead-generation.de\\\/#organization\"},\"potentialAction\":[{\"@type\":\"SearchAction\",\"target\":{\"@type\":\"EntryPoint\",\"urlTemplate\":\"https:\\\/\\\/www.invictus-lead-generation.de\\\/?s={search_term_string}\"},\"query-input\":{\"@type\":\"PropertyValueSpecification\",\"valueRequired\":true,\"valueName\":\"search_term_string\"}}],\"inLanguage\":\"en-GB\"},{\"@type\":\"Organization\",\"@id\":\"https:\\\/\\\/www.invictus-lead-generation.de\\\/#organization\",\"name\":\"Invictus Lead Generation GmbH\",\"url\":\"https:\\\/\\\/www.invictus-lead-generation.de\\\/\",\"logo\":{\"@type\":\"ImageObject\",\"inLanguage\":\"en-GB\",\"@id\":\"https:\\\/\\\/www.invictus-lead-generation.de\\\/#\\\/schema\\\/logo\\\/image\\\/\",\"url\":\"https:\\\/\\\/www.invictus-lead-generation.de\\\/wp-content\\\/uploads\\\/2021\\\/04\\\/Invictus-Logo_white-4.png\",\"contentUrl\":\"https:\\\/\\\/www.invictus-lead-generation.de\\\/wp-content\\\/uploads\\\/2021\\\/04\\\/Invictus-Logo_white-4.png\",\"width\":1199,\"height\":185,\"caption\":\"Invictus Lead Generation GmbH\"},\"image\":{\"@id\":\"https:\\\/\\\/www.invictus-lead-generation.de\\\/#\\\/schema\\\/logo\\\/image\\\/\"}}]}<\/script>\n<!-- \/ Yoast SEO plugin. -->","yoast_head_json":{"title":"Imprint - Invictus Lead Generation GmbH","robots":{"index":"noindex","follow":"follow"},"og_locale":"en_GB","og_type":"article","og_title":"Impressum - Invictus Lead Generation GmbH","og_description":"Impressum Invictus Lead Generation GmbHFranz-Ehrlich-Stra\u00dfe 1212489 BerlinDeutschland info@invictus-lead-generation.de Steuernummer: 37\/359\/53095 &#8211; FA f\u00fcr K\u00f6rperschaften IUst.Id.Nr. DE354710732EORI-Nr. DE258210668741050 Gesch\u00e4ftsf\u00fchrer: Stefan Roggatz &amp; Katy Roggatz CopyrightS\u00e4mtliche Bilder sind urheberrechtlich gesch\u00fctzt. Das Urheberrecht und Copyright liegt bei der Invictus Lead Generation GmbH. Jede private, gewerbliche oder kommerzielle Nutzung bedarf der ausdr\u00fccklichen schriftlichen Genehmigung durch die Invictus Lead Generation [&hellip;]","og_url":"https:\/\/www.invictus-lead-generation.de\/en\/impressum\/","og_site_name":"Invictus Lead Generation GmbH","article_modified_time":"2025-02-13T09:04:38+00:00","twitter_card":"summary_large_image","twitter_misc":{"Estimated reading time":"2 minutes"},"schema":{"@context":"https:\/\/schema.org","@graph":[{"@type":"WebPage","@id":"https:\/\/www.invictus-lead-generation.de\/impressum\/","url":"https:\/\/www.invictus-lead-generation.de\/impressum\/","name":"Imprint - Invictus Lead Generation GmbH","isPartOf":{"@id":"https:\/\/www.invictus-lead-generation.de\/#website"},"datePublished":"2021-04-27T15:34:31+00:00","dateModified":"2025-02-13T09:04:38+00:00","breadcrumb":{"@id":"https:\/\/www.invictus-lead-generation.de\/impressum\/#breadcrumb"},"inLanguage":"en-GB","potentialAction":[{"@type":"ReadAction","target":["https:\/\/www.invictus-lead-generation.de\/impressum\/"]}]},{"@type":"BreadcrumbList","@id":"https:\/\/www.invictus-lead-generation.de\/impressum\/#breadcrumb","itemListElement":[{"@type":"ListItem","position":1,"name":"Startseite","item":"https:\/\/www.invictus-lead-generation.de\/"},{"@type":"ListItem","position":2,"name":"Impressum"}]},{"@type":"WebSite","@id":"https:\/\/www.invictus-lead-generation.de\/#website","url":"https:\/\/www.invictus-lead-generation.de\/","name":"Invictus Lead Generation Ltd","description":"B2B Lead Generation Agency","publisher":{"@id":"https:\/\/www.invictus-lead-generation.de\/#organization"},"potentialAction":[{"@type":"SearchAction","target":{"@type":"EntryPoint","urlTemplate":"https:\/\/www.invictus-lead-generation.de\/?s={search_term_string}"},"query-input":{"@type":"PropertyValueSpecification","valueRequired":true,"valueName":"search_term_string"}}],"inLanguage":"en-GB"},{"@type":"Organization","@id":"https:\/\/www.invictus-lead-generation.de\/#organization","name":"Invictus Lead Generation Ltd","url":"https:\/\/www.invictus-lead-generation.de\/","logo":{"@type":"ImageObject","inLanguage":"en-GB","@id":"https:\/\/www.invictus-lead-generation.de\/#\/schema\/logo\/image\/","url":"https:\/\/www.invictus-lead-generation.de\/wp-content\/uploads\/2021\/04\/Invictus-Logo_white-4.png","contentUrl":"https:\/\/www.invictus-lead-generation.de\/wp-content\/uploads\/2021\/04\/Invictus-Logo_white-4.png","width":1199,"height":185,"caption":"Invictus Lead Generation GmbH"},"image":{"@id":"https:\/\/www.invictus-lead-generation.de\/#\/schema\/logo\/image\/"}}]}},"_links":{"self":[{"href":"https:\/\/www.invictus-lead-generation.de\/en\/wp-json\/wp\/v2\/pages\/33","targetHints":{"allow":["GET"]}}],"collection":[{"href":"https:\/\/www.invictus-lead-generation.de\/en\/wp-json\/wp\/v2\/pages"}],"about":[{"href":"https:\/\/www.invictus-lead-generation.de\/en\/wp-json\/wp\/v2\/types\/page"}],"author":[{"embeddable":true,"href":"https:\/\/www.invictus-lead-generation.de\/en\/wp-json\/wp\/v2\/users\/1"}],"replies":[{"embeddable":true,"href":"https:\/\/www.invictus-lead-generation.de\/en\/wp-json\/wp\/v2\/comments?post=33"}],"version-history":[{"count":6,"href":"https:\/\/www.invictus-lead-generation.de\/en\/wp-json\/wp\/v2\/pages\/33\/revisions"}],"predecessor-version":[{"id":10854,"href":"https:\/\/www.invictus-lead-generation.de\/en\/wp-json\/wp\/v2\/pages\/33\/revisions\/10854"}],"wp:attachment":[{"href":"https:\/\/www.invictus-lead-generation.de\/en\/wp-json\/wp\/v2\/media?parent=33"}],"curies":[{"name":"wp","href":"https:\/\/api.w.org\/{rel}","templated":true}]}}